{"id":1525,"date":"2022-02-18T23:07:58","date_gmt":"2022-02-18T23:07:58","guid":{"rendered":"http:\/\/viverocipres.com\/catalogo\/producto\/hoya-kerri\/"},"modified":"2023-05-11T19:53:58","modified_gmt":"2023-05-11T19:53:58","slug":"hoya-kerri","status":"publish","type":"product","link":"https:\/\/viverocipres.com\/catalogo\/producto\/hoya-kerri\/","title":{"rendered":"Hoya Kerri"},"content":{"rendered":"","protected":false},"excerpt":{"rendered":"<p>La hoya kerrii es una gu\u00eda, es conocida por tener unas hojas en forma de coraz\u00f3n muy r\u00edgidas y duras y por la llamada &#8220;flor de cera&#8221;, una flor de est\u00edo de largu\u00edsima duraci\u00f3n pero de lento crecimiento. Solo puede recibir la resolana de luz sin ser directa, se tiene que mantener h\u00fameda pero no en exceso.<\/p>\n<p>4 pulgadas &#8211; $80<\/p>\n","protected":false},"featured_media":738,"template":"","meta":{"_joinchat":[]},"product_cat":[67],"product_tag":[],"class_list":["post-1525","product","type-product","status-publish","has-post-thumbnail","hentry","product_cat-interior","pa_tamano-4-pulg"],"yoast_head":"<!-- This site is optimized with the Yoast SEO plugin v20.6 - https:\/\/yoast.com\/wordpress\/plugins\/seo\/ -->\n<title>Hoya Kerri - Be<\/title>\n<meta name=\"robots\" content=\"index, follow, max-snippet:-1, max-image-preview:large, max-video-preview:-1\" \/>\n<link rel=\"canonical\" href=\"http:\/\/viverocipres.com\/catalogo\/producto\/hoya-kerri\/\" \/>\n<meta property=\"og:locale\" content=\"es_MX\" \/>\n<meta property=\"og:type\" content=\"article\" \/>\n<meta property=\"og:title\" content=\"Hoya Kerri - Be\" \/>\n<meta property=\"og:description\" content=\"La hoya kerrii es una gu\u00eda, es conocida por tener unas hojas en forma de coraz\u00f3n muy r\u00edgidas y duras y por la llamada &quot;flor de cera&quot;, una flor de est\u00edo de largu\u00edsima duraci\u00f3n pero de lento crecimiento. Solo puede recibir la resolana de luz sin ser directa, se tiene que mantener h\u00fameda pero no en exceso.  4 pulgadas - $80\" \/>\n<meta property=\"og:url\" content=\"http:\/\/viverocipres.com\/catalogo\/producto\/hoya-kerri\/\" \/>\n<meta property=\"og:site_name\" content=\"Be\" \/>\n<meta property=\"article:modified_time\" content=\"2023-05-11T19:53:58+00:00\" \/>\n<meta property=\"og:image\" content=\"http:\/\/viverocipres.com\/catalogo\/wp-content\/uploads\/2022\/02\/Hoya_kerrii.jpg\" \/>\n\t<meta property=\"og:image:width\" content=\"800\" \/>\n\t<meta property=\"og:image:height\" content=\"1201\" \/>\n\t<meta property=\"og:image:type\" content=\"image\/jpeg\" \/>\n<meta name=\"twitter:card\" content=\"summary_large_image\" \/>\n<script type=\"application\/ld+json\" class=\"yoast-schema-graph\">{\"@context\":\"https:\/\/schema.org\",\"@graph\":[{\"@type\":\"WebPage\",\"@id\":\"http:\/\/viverocipres.com\/catalogo\/producto\/hoya-kerri\/\",\"url\":\"http:\/\/viverocipres.com\/catalogo\/producto\/hoya-kerri\/\",\"name\":\"Hoya Kerri - Be\",\"isPartOf\":{\"@id\":\"https:\/\/viverocipres.com\/catalogo\/#website\"},\"datePublished\":\"2022-02-18T23:07:58+00:00\",\"dateModified\":\"2023-05-11T19:53:58+00:00\",\"breadcrumb\":{\"@id\":\"http:\/\/viverocipres.com\/catalogo\/producto\/hoya-kerri\/#breadcrumb\"},\"inLanguage\":\"es\",\"potentialAction\":[{\"@type\":\"ReadAction\",\"target\":[\"http:\/\/viverocipres.com\/catalogo\/producto\/hoya-kerri\/\"]}]},{\"@type\":\"BreadcrumbList\",\"@id\":\"http:\/\/viverocipres.com\/catalogo\/producto\/hoya-kerri\/#breadcrumb\",\"itemListElement\":[{\"@type\":\"ListItem\",\"position\":1,\"name\":\"Inicio\",\"item\":\"https:\/\/viverocipres.com\/catalogo\/\"},{\"@type\":\"ListItem\",\"position\":2,\"name\":\"Cat\u00e1logo\",\"item\":\"https:\/\/viverocipres.com\/catalogo\/productos\/\"},{\"@type\":\"ListItem\",\"position\":3,\"name\":\"Hoya Kerri\"}]},{\"@type\":\"WebSite\",\"@id\":\"https:\/\/viverocipres.com\/catalogo\/#website\",\"url\":\"https:\/\/viverocipres.com\/catalogo\/\",\"name\":\"Be\",\"description\":\"Otro sitio realizado con WordPress\",\"potentialAction\":[{\"@type\":\"SearchAction\",\"target\":{\"@type\":\"EntryPoint\",\"urlTemplate\":\"https:\/\/viverocipres.com\/catalogo\/?s={search_term_string}\"},\"query-input\":\"required name=search_term_string\"}],\"inLanguage\":\"es\"}]}<\/script>\n<!-- \/ Yoast SEO plugin. -->","yoast_head_json":{"title":"Hoya Kerri - Be","robots":{"index":"index","follow":"follow","max-snippet":"max-snippet:-1","max-image-preview":"max-image-preview:large","max-video-preview":"max-video-preview:-1"},"canonical":"http:\/\/viverocipres.com\/catalogo\/producto\/hoya-kerri\/","og_locale":"es_MX","og_type":"article","og_title":"Hoya Kerri - Be","og_description":"La hoya kerrii es una gu\u00eda, es conocida por tener unas hojas en forma de coraz\u00f3n muy r\u00edgidas y duras y por la llamada \"flor de cera\", una flor de est\u00edo de largu\u00edsima duraci\u00f3n pero de lento crecimiento. Solo puede recibir la resolana de luz sin ser directa, se tiene que mantener h\u00fameda pero no en exceso.  4 pulgadas - $80","og_url":"http:\/\/viverocipres.com\/catalogo\/producto\/hoya-kerri\/","og_site_name":"Be","article_modified_time":"2023-05-11T19:53:58+00:00","og_image":[{"width":800,"height":1201,"url":"http:\/\/viverocipres.com\/catalogo\/wp-content\/uploads\/2022\/02\/Hoya_kerrii.jpg","type":"image\/jpeg"}],"twitter_card":"summary_large_image","schema":{"@context":"https:\/\/schema.org","@graph":[{"@type":"WebPage","@id":"http:\/\/viverocipres.com\/catalogo\/producto\/hoya-kerri\/","url":"http:\/\/viverocipres.com\/catalogo\/producto\/hoya-kerri\/","name":"Hoya Kerri - Be","isPartOf":{"@id":"https:\/\/viverocipres.com\/catalogo\/#website"},"datePublished":"2022-02-18T23:07:58+00:00","dateModified":"2023-05-11T19:53:58+00:00","breadcrumb":{"@id":"http:\/\/viverocipres.com\/catalogo\/producto\/hoya-kerri\/#breadcrumb"},"inLanguage":"es","potentialAction":[{"@type":"ReadAction","target":["http:\/\/viverocipres.com\/catalogo\/producto\/hoya-kerri\/"]}]},{"@type":"BreadcrumbList","@id":"http:\/\/viverocipres.com\/catalogo\/producto\/hoya-kerri\/#breadcrumb","itemListElement":[{"@type":"ListItem","position":1,"name":"Inicio","item":"https:\/\/viverocipres.com\/catalogo\/"},{"@type":"ListItem","position":2,"name":"Cat\u00e1logo","item":"https:\/\/viverocipres.com\/catalogo\/productos\/"},{"@type":"ListItem","position":3,"name":"Hoya Kerri"}]},{"@type":"WebSite","@id":"https:\/\/viverocipres.com\/catalogo\/#website","url":"https:\/\/viverocipres.com\/catalogo\/","name":"Be","description":"Otro sitio realizado con WordPress","potentialAction":[{"@type":"SearchAction","target":{"@type":"EntryPoint","urlTemplate":"https:\/\/viverocipres.com\/catalogo\/?s={search_term_string}"},"query-input":"required name=search_term_string"}],"inLanguage":"es"}]}},"_links":{"self":[{"href":"https:\/\/viverocipres.com\/catalogo\/wp-json\/wp\/v3\/product\/1525","targetHints":{"allow":["GET"]}}],"collection":[{"href":"https:\/\/viverocipres.com\/catalogo\/wp-json\/wp\/v3\/product"}],"about":[{"href":"https:\/\/viverocipres.com\/catalogo\/wp-json\/wp\/v2\/types\/product"}],"version-history":[{"count":2,"href":"https:\/\/viverocipres.com\/catalogo\/wp-json\/wp\/v3\/product\/1525\/revisions"}],"predecessor-version":[{"id":1811,"href":"https:\/\/viverocipres.com\/catalogo\/wp-json\/wp\/v3\/product\/1525\/revisions\/1811"}],"wp:featuredmedia":[{"embeddable":true,"href":"https:\/\/viverocipres.com\/catalogo\/wp-json\/wp\/v2\/media\/738"}],"wp:attachment":[{"href":"https:\/\/viverocipres.com\/catalogo\/wp-json\/wp\/v2\/media?parent=1525"}],"wp:term":[{"taxonomy":"product_cat","embeddable":true,"href":"https:\/\/viverocipres.com\/catalogo\/wp-json\/wp\/v2\/product_cat?post=1525"},{"taxonomy":"product_tag","embeddable":true,"href":"https:\/\/viverocipres.com\/catalogo\/wp-json\/wp\/v2\/product_tag?post=1525"}],"curies":[{"name":"wp","href":"https:\/\/api.w.org\/{rel}","templated":true}]}}