{"id":1519,"date":"2022-02-18T23:07:58","date_gmt":"2022-02-18T23:07:58","guid":{"rendered":"http:\/\/viverocipres.com\/catalogo\/producto\/begonia\/"},"modified":"2023-05-11T19:47:37","modified_gmt":"2023-05-11T19:47:37","slug":"begonia","status":"publish","type":"product","link":"https:\/\/viverocipres.com\/catalogo\/producto\/begonia\/","title":{"rendered":"Begonia"},"content":{"rendered":"","protected":false},"excerpt":{"rendered":"<p>La begonia se destaca por sus flores, pero tambi\u00e9n por su follaje: sus hojas son, en general, ovales y carnosas. Es una planta que solamente aguanta la resolana de la luz, en todo momento est\u00e1n h\u00famedas pero no se tienen que regar a diario ya que su sustrato puede estar h\u00famedo por varios d\u00edas.<\/p>\n<p>6 pulgadas &#8211; $65<\/p>\n","protected":false},"featured_media":678,"template":"","meta":{"_joinchat":[]},"product_cat":[67],"product_tag":[],"class_list":["post-1519","product","type-product","status-publish","has-post-thumbnail","hentry","product_cat-interior","pa_tamano-10-pulg"],"yoast_head":"<!-- This site is optimized with the Yoast SEO plugin v20.6 - https:\/\/yoast.com\/wordpress\/plugins\/seo\/ -->\n<title>Begonia - Be<\/title>\n<meta name=\"robots\" content=\"index, follow, max-snippet:-1, max-image-preview:large, max-video-preview:-1\" \/>\n<link rel=\"canonical\" href=\"https:\/\/viverocipres.com\/catalogo\/producto\/begonia\/\" \/>\n<meta property=\"og:locale\" content=\"es_MX\" \/>\n<meta property=\"og:type\" content=\"article\" \/>\n<meta property=\"og:title\" content=\"Begonia - Be\" \/>\n<meta property=\"og:description\" content=\"La begonia se destaca por sus flores, pero tambi\u00e9n por su follaje: sus hojas son, en general, ovales y carnosas. Es una planta que solamente aguanta la resolana de la luz, en todo momento est\u00e1n h\u00famedas pero no se tienen que regar a diario ya que su sustrato puede estar h\u00famedo por varios d\u00edas.  6 pulgadas - $65\" \/>\n<meta property=\"og:url\" content=\"https:\/\/viverocipres.com\/catalogo\/producto\/begonia\/\" \/>\n<meta property=\"og:site_name\" content=\"Be\" \/>\n<meta property=\"article:modified_time\" content=\"2023-05-11T19:47:37+00:00\" \/>\n<meta property=\"og:image\" content=\"https:\/\/viverocipres.com\/catalogo\/wp-content\/uploads\/2022\/02\/Begonia.jpg\" \/>\n\t<meta property=\"og:image:width\" content=\"800\" \/>\n\t<meta property=\"og:image:height\" content=\"1201\" \/>\n\t<meta property=\"og:image:type\" content=\"image\/jpeg\" \/>\n<meta name=\"twitter:card\" content=\"summary_large_image\" \/>\n<script type=\"application\/ld+json\" class=\"yoast-schema-graph\">{\"@context\":\"https:\/\/schema.org\",\"@graph\":[{\"@type\":\"WebPage\",\"@id\":\"https:\/\/viverocipres.com\/catalogo\/producto\/begonia\/\",\"url\":\"https:\/\/viverocipres.com\/catalogo\/producto\/begonia\/\",\"name\":\"Begonia - Be\",\"isPartOf\":{\"@id\":\"https:\/\/viverocipres.com\/catalogo\/#website\"},\"datePublished\":\"2022-02-18T23:07:58+00:00\",\"dateModified\":\"2023-05-11T19:47:37+00:00\",\"breadcrumb\":{\"@id\":\"https:\/\/viverocipres.com\/catalogo\/producto\/begonia\/#breadcrumb\"},\"inLanguage\":\"es\",\"potentialAction\":[{\"@type\":\"ReadAction\",\"target\":[\"https:\/\/viverocipres.com\/catalogo\/producto\/begonia\/\"]}]},{\"@type\":\"BreadcrumbList\",\"@id\":\"https:\/\/viverocipres.com\/catalogo\/producto\/begonia\/#breadcrumb\",\"itemListElement\":[{\"@type\":\"ListItem\",\"position\":1,\"name\":\"Inicio\",\"item\":\"https:\/\/viverocipres.com\/catalogo\/\"},{\"@type\":\"ListItem\",\"position\":2,\"name\":\"Cat\u00e1logo\",\"item\":\"https:\/\/viverocipres.com\/catalogo\/productos\/\"},{\"@type\":\"ListItem\",\"position\":3,\"name\":\"Begonia\"}]},{\"@type\":\"WebSite\",\"@id\":\"https:\/\/viverocipres.com\/catalogo\/#website\",\"url\":\"https:\/\/viverocipres.com\/catalogo\/\",\"name\":\"Be\",\"description\":\"Otro sitio realizado con WordPress\",\"potentialAction\":[{\"@type\":\"SearchAction\",\"target\":{\"@type\":\"EntryPoint\",\"urlTemplate\":\"https:\/\/viverocipres.com\/catalogo\/?s={search_term_string}\"},\"query-input\":\"required name=search_term_string\"}],\"inLanguage\":\"es\"}]}<\/script>\n<!-- \/ Yoast SEO plugin. -->","yoast_head_json":{"title":"Begonia - Be","robots":{"index":"index","follow":"follow","max-snippet":"max-snippet:-1","max-image-preview":"max-image-preview:large","max-video-preview":"max-video-preview:-1"},"canonical":"https:\/\/viverocipres.com\/catalogo\/producto\/begonia\/","og_locale":"es_MX","og_type":"article","og_title":"Begonia - Be","og_description":"La begonia se destaca por sus flores, pero tambi\u00e9n por su follaje: sus hojas son, en general, ovales y carnosas. Es una planta que solamente aguanta la resolana de la luz, en todo momento est\u00e1n h\u00famedas pero no se tienen que regar a diario ya que su sustrato puede estar h\u00famedo por varios d\u00edas.  6 pulgadas - $65","og_url":"https:\/\/viverocipres.com\/catalogo\/producto\/begonia\/","og_site_name":"Be","article_modified_time":"2023-05-11T19:47:37+00:00","og_image":[{"width":800,"height":1201,"url":"https:\/\/viverocipres.com\/catalogo\/wp-content\/uploads\/2022\/02\/Begonia.jpg","type":"image\/jpeg"}],"twitter_card":"summary_large_image","schema":{"@context":"https:\/\/schema.org","@graph":[{"@type":"WebPage","@id":"https:\/\/viverocipres.com\/catalogo\/producto\/begonia\/","url":"https:\/\/viverocipres.com\/catalogo\/producto\/begonia\/","name":"Begonia - Be","isPartOf":{"@id":"https:\/\/viverocipres.com\/catalogo\/#website"},"datePublished":"2022-02-18T23:07:58+00:00","dateModified":"2023-05-11T19:47:37+00:00","breadcrumb":{"@id":"https:\/\/viverocipres.com\/catalogo\/producto\/begonia\/#breadcrumb"},"inLanguage":"es","potentialAction":[{"@type":"ReadAction","target":["https:\/\/viverocipres.com\/catalogo\/producto\/begonia\/"]}]},{"@type":"BreadcrumbList","@id":"https:\/\/viverocipres.com\/catalogo\/producto\/begonia\/#breadcrumb","itemListElement":[{"@type":"ListItem","position":1,"name":"Inicio","item":"https:\/\/viverocipres.com\/catalogo\/"},{"@type":"ListItem","position":2,"name":"Cat\u00e1logo","item":"https:\/\/viverocipres.com\/catalogo\/productos\/"},{"@type":"ListItem","position":3,"name":"Begonia"}]},{"@type":"WebSite","@id":"https:\/\/viverocipres.com\/catalogo\/#website","url":"https:\/\/viverocipres.com\/catalogo\/","name":"Be","description":"Otro sitio realizado con WordPress","potentialAction":[{"@type":"SearchAction","target":{"@type":"EntryPoint","urlTemplate":"https:\/\/viverocipres.com\/catalogo\/?s={search_term_string}"},"query-input":"required name=search_term_string"}],"inLanguage":"es"}]}},"_links":{"self":[{"href":"https:\/\/viverocipres.com\/catalogo\/wp-json\/wp\/v3\/product\/1519","targetHints":{"allow":["GET"]}}],"collection":[{"href":"https:\/\/viverocipres.com\/catalogo\/wp-json\/wp\/v3\/product"}],"about":[{"href":"https:\/\/viverocipres.com\/catalogo\/wp-json\/wp\/v2\/types\/product"}],"version-history":[{"count":2,"href":"https:\/\/viverocipres.com\/catalogo\/wp-json\/wp\/v3\/product\/1519\/revisions"}],"predecessor-version":[{"id":1807,"href":"https:\/\/viverocipres.com\/catalogo\/wp-json\/wp\/v3\/product\/1519\/revisions\/1807"}],"wp:featuredmedia":[{"embeddable":true,"href":"https:\/\/viverocipres.com\/catalogo\/wp-json\/wp\/v2\/media\/678"}],"wp:attachment":[{"href":"https:\/\/viverocipres.com\/catalogo\/wp-json\/wp\/v2\/media?parent=1519"}],"wp:term":[{"taxonomy":"product_cat","embeddable":true,"href":"https:\/\/viverocipres.com\/catalogo\/wp-json\/wp\/v2\/product_cat?post=1519"},{"taxonomy":"product_tag","embeddable":true,"href":"https:\/\/viverocipres.com\/catalogo\/wp-json\/wp\/v2\/product_tag?post=1519"}],"curies":[{"name":"wp","href":"https:\/\/api.w.org\/{rel}","templated":true}]}}