{"id":1915,"date":"2024-05-13T06:22:15","date_gmt":"2024-05-13T06:22:15","guid":{"rendered":"https:\/\/viverocipres.com\/catalogo\/?post_type=product&#038;p=1915"},"modified":"2024-05-13T06:25:06","modified_gmt":"2024-05-13T06:25:06","slug":"orbiculata-silver","status":"publish","type":"product","link":"http:\/\/viverocipres.com\/catalogo\/producto\/orbiculata-silver\/","title":{"rendered":"Orbiculata Silver"},"content":{"rendered":"<p>Crece erguido con hojas grandes de color blanco tiza con formas variables. Tiene una capa de cera en polvo que protege la planta a pleno sol. La exposici\u00f3n a la luz solar directa resalta un contorno rojo brillante en los m\u00e1rgenes de las hojas. Este g\u00e9nero puede florecer en el oto\u00f1o, generando un tallo robusto con flores rosadas en forma de campana.<\/p>\n","protected":false},"excerpt":{"rendered":"<p>MENUDEO:<\/p>\n<p>4 pulgadas \u2013 $50<\/p>\n<p>&nbsp;<\/p>\n<p>MAYOREO:<\/p>\n<p>4 pulgadas \u2013 $35<\/p>\n<p>&nbsp;<\/p>\n<p>*Precios sujeto a cambio sin previo aviso. Precio de mayoreo a partir de 100 piezas. Sujeto a disponibilidad.<\/p>\n","protected":false},"featured_media":1916,"template":"","meta":{"_joinchat":[]},"product_cat":[43],"product_tag":[],"class_list":["post-1915","product","type-product","status-publish","has-post-thumbnail","hentry","product_cat-cotyledon"],"yoast_head":"<!-- This site is optimized with the Yoast SEO plugin v20.6 - https:\/\/yoast.com\/wordpress\/plugins\/seo\/ -->\n<title>Orbiculata Silver - Be<\/title>\n<meta name=\"robots\" content=\"index, follow, max-snippet:-1, max-image-preview:large, max-video-preview:-1\" \/>\n<link rel=\"canonical\" href=\"http:\/\/viverocipres.com\/catalogo\/producto\/orbiculata-silver\/\" \/>\n<meta property=\"og:locale\" content=\"es_MX\" \/>\n<meta property=\"og:type\" content=\"article\" \/>\n<meta property=\"og:title\" content=\"Orbiculata Silver - Be\" \/>\n<meta property=\"og:description\" content=\"MENUDEO:  4 pulgadas \u2013 $50  &nbsp;  MAYOREO:  4 pulgadas \u2013 $35  &nbsp;  *Precios sujeto a cambio sin previo aviso. Precio de mayoreo a partir de 100 piezas. Sujeto a disponibilidad.\" \/>\n<meta property=\"og:url\" content=\"http:\/\/viverocipres.com\/catalogo\/producto\/orbiculata-silver\/\" \/>\n<meta property=\"og:site_name\" content=\"Be\" \/>\n<meta property=\"article:modified_time\" content=\"2024-05-13T06:25:06+00:00\" \/>\n<meta property=\"og:image\" content=\"http:\/\/viverocipres.com\/catalogo\/wp-content\/uploads\/2024\/05\/Orbiculata-Silver.jpg\" \/>\n\t<meta property=\"og:image:width\" content=\"801\" \/>\n\t<meta property=\"og:image:height\" content=\"801\" \/>\n\t<meta property=\"og:image:type\" content=\"image\/jpeg\" \/>\n<meta name=\"twitter:card\" content=\"summary_large_image\" \/>\n<meta name=\"twitter:label1\" content=\"Tiempo de lectura\" \/>\n\t<meta name=\"twitter:data1\" content=\"1 minuto\" \/>\n<script type=\"application\/ld+json\" class=\"yoast-schema-graph\">{\"@context\":\"https:\/\/schema.org\",\"@graph\":[{\"@type\":\"WebPage\",\"@id\":\"http:\/\/viverocipres.com\/catalogo\/producto\/orbiculata-silver\/\",\"url\":\"http:\/\/viverocipres.com\/catalogo\/producto\/orbiculata-silver\/\",\"name\":\"Orbiculata Silver - Be\",\"isPartOf\":{\"@id\":\"https:\/\/viverocipres.com\/catalogo\/#website\"},\"datePublished\":\"2024-05-13T06:22:15+00:00\",\"dateModified\":\"2024-05-13T06:25:06+00:00\",\"breadcrumb\":{\"@id\":\"http:\/\/viverocipres.com\/catalogo\/producto\/orbiculata-silver\/#breadcrumb\"},\"inLanguage\":\"es\",\"potentialAction\":[{\"@type\":\"ReadAction\",\"target\":[\"http:\/\/viverocipres.com\/catalogo\/producto\/orbiculata-silver\/\"]}]},{\"@type\":\"BreadcrumbList\",\"@id\":\"http:\/\/viverocipres.com\/catalogo\/producto\/orbiculata-silver\/#breadcrumb\",\"itemListElement\":[{\"@type\":\"ListItem\",\"position\":1,\"name\":\"Inicio\",\"item\":\"https:\/\/viverocipres.com\/catalogo\/\"},{\"@type\":\"ListItem\",\"position\":2,\"name\":\"Cat\u00e1logo\",\"item\":\"https:\/\/viverocipres.com\/catalogo\/productos\/\"},{\"@type\":\"ListItem\",\"position\":3,\"name\":\"Orbiculata Silver\"}]},{\"@type\":\"WebSite\",\"@id\":\"https:\/\/viverocipres.com\/catalogo\/#website\",\"url\":\"https:\/\/viverocipres.com\/catalogo\/\",\"name\":\"Be\",\"description\":\"Otro sitio realizado con WordPress\",\"potentialAction\":[{\"@type\":\"SearchAction\",\"target\":{\"@type\":\"EntryPoint\",\"urlTemplate\":\"https:\/\/viverocipres.com\/catalogo\/?s={search_term_string}\"},\"query-input\":\"required name=search_term_string\"}],\"inLanguage\":\"es\"}]}<\/script>\n<!-- \/ Yoast SEO plugin. -->","yoast_head_json":{"title":"Orbiculata Silver - Be","robots":{"index":"index","follow":"follow","max-snippet":"max-snippet:-1","max-image-preview":"max-image-preview:large","max-video-preview":"max-video-preview:-1"},"canonical":"http:\/\/viverocipres.com\/catalogo\/producto\/orbiculata-silver\/","og_locale":"es_MX","og_type":"article","og_title":"Orbiculata Silver - Be","og_description":"MENUDEO:  4 pulgadas \u2013 $50  &nbsp;  MAYOREO:  4 pulgadas \u2013 $35  &nbsp;  *Precios sujeto a cambio sin previo aviso. Precio de mayoreo a partir de 100 piezas. Sujeto a disponibilidad.","og_url":"http:\/\/viverocipres.com\/catalogo\/producto\/orbiculata-silver\/","og_site_name":"Be","article_modified_time":"2024-05-13T06:25:06+00:00","og_image":[{"width":801,"height":801,"url":"http:\/\/viverocipres.com\/catalogo\/wp-content\/uploads\/2024\/05\/Orbiculata-Silver.jpg","type":"image\/jpeg"}],"twitter_card":"summary_large_image","twitter_misc":{"Tiempo de lectura":"1 minuto"},"schema":{"@context":"https:\/\/schema.org","@graph":[{"@type":"WebPage","@id":"http:\/\/viverocipres.com\/catalogo\/producto\/orbiculata-silver\/","url":"http:\/\/viverocipres.com\/catalogo\/producto\/orbiculata-silver\/","name":"Orbiculata Silver - Be","isPartOf":{"@id":"https:\/\/viverocipres.com\/catalogo\/#website"},"datePublished":"2024-05-13T06:22:15+00:00","dateModified":"2024-05-13T06:25:06+00:00","breadcrumb":{"@id":"http:\/\/viverocipres.com\/catalogo\/producto\/orbiculata-silver\/#breadcrumb"},"inLanguage":"es","potentialAction":[{"@type":"ReadAction","target":["http:\/\/viverocipres.com\/catalogo\/producto\/orbiculata-silver\/"]}]},{"@type":"BreadcrumbList","@id":"http:\/\/viverocipres.com\/catalogo\/producto\/orbiculata-silver\/#breadcrumb","itemListElement":[{"@type":"ListItem","position":1,"name":"Inicio","item":"https:\/\/viverocipres.com\/catalogo\/"},{"@type":"ListItem","position":2,"name":"Cat\u00e1logo","item":"https:\/\/viverocipres.com\/catalogo\/productos\/"},{"@type":"ListItem","position":3,"name":"Orbiculata Silver"}]},{"@type":"WebSite","@id":"https:\/\/viverocipres.com\/catalogo\/#website","url":"https:\/\/viverocipres.com\/catalogo\/","name":"Be","description":"Otro sitio realizado con WordPress","potentialAction":[{"@type":"SearchAction","target":{"@type":"EntryPoint","urlTemplate":"https:\/\/viverocipres.com\/catalogo\/?s={search_term_string}"},"query-input":"required name=search_term_string"}],"inLanguage":"es"}]}},"_links":{"self":[{"href":"http:\/\/viverocipres.com\/catalogo\/wp-json\/wp\/v3\/product\/1915","targetHints":{"allow":["GET"]}}],"collection":[{"href":"http:\/\/viverocipres.com\/catalogo\/wp-json\/wp\/v3\/product"}],"about":[{"href":"http:\/\/viverocipres.com\/catalogo\/wp-json\/wp\/v2\/types\/product"}],"version-history":[{"count":1,"href":"http:\/\/viverocipres.com\/catalogo\/wp-json\/wp\/v3\/product\/1915\/revisions"}],"predecessor-version":[{"id":1917,"href":"http:\/\/viverocipres.com\/catalogo\/wp-json\/wp\/v3\/product\/1915\/revisions\/1917"}],"wp:featuredmedia":[{"embeddable":true,"href":"http:\/\/viverocipres.com\/catalogo\/wp-json\/wp\/v2\/media\/1916"}],"wp:attachment":[{"href":"http:\/\/viverocipres.com\/catalogo\/wp-json\/wp\/v2\/media?parent=1915"}],"wp:term":[{"taxonomy":"product_cat","embeddable":true,"href":"http:\/\/viverocipres.com\/catalogo\/wp-json\/wp\/v2\/product_cat?post=1915"},{"taxonomy":"product_tag","embeddable":true,"href":"http:\/\/viverocipres.com\/catalogo\/wp-json\/wp\/v2\/product_tag?post=1915"}],"curies":[{"name":"wp","href":"https:\/\/api.w.org\/{rel}","templated":true}]}}