{"id":1841,"date":"2023-06-20T19:46:39","date_gmt":"2023-06-20T19:46:39","guid":{"rendered":"https:\/\/viverocipres.com\/catalogo\/?post_type=product&#038;p=1841"},"modified":"2023-06-20T20:03:50","modified_gmt":"2023-06-20T20:03:50","slug":"radikal-enraizador-organico","status":"publish","type":"product","link":"http:\/\/viverocipres.com\/catalogo\/producto\/radikal-enraizador-organico\/","title":{"rendered":"RADIKAL &#8211; Enraizador Org\u00e1nico"},"content":{"rendered":"","protected":false},"excerpt":{"rendered":"<p>RADIKAL es un enraizador dise\u00f1ado para estimular el desarrollo \u00f3ptimo de ra\u00edces absorbentes. Adem\u00e1s protege a las plantas ante el ataque de hongos, bacterias y nem\u00e1todos fitopat\u00f3genos, con lo que se asegura el sano crecimiento del cultivo.<\/p>\n<p>1\/4\u00a0 &#8211; $165<\/p>\n","protected":false},"featured_media":1842,"template":"","meta":{"_joinchat":[]},"product_cat":[68],"product_tag":[],"class_list":["post-1841","product","type-product","status-publish","has-post-thumbnail","hentry","product_cat-insumos","pa_tamano-1-litro"],"yoast_head":"<!-- This site is optimized with the Yoast SEO plugin v20.6 - https:\/\/yoast.com\/wordpress\/plugins\/seo\/ -->\n<title>RADIKAL - Enraizador Org\u00e1nico - Be<\/title>\n<meta name=\"description\" content=\"RADIKAL es un enraizador dise\u00f1ado para estimular el desarrollo \u00f3ptimo de ra\u00edces absorbentes.\" \/>\n<meta name=\"robots\" content=\"index, follow, max-snippet:-1, max-image-preview:large, max-video-preview:-1\" \/>\n<link rel=\"canonical\" href=\"https:\/\/viverocipres.com\/catalogo\/producto\/radikal-enraizador-organico\/\" \/>\n<meta property=\"og:locale\" content=\"es_MX\" \/>\n<meta property=\"og:type\" content=\"article\" \/>\n<meta property=\"og:title\" content=\"RADIKAL - Enraizador Org\u00e1nico - Be\" \/>\n<meta property=\"og:description\" content=\"RADIKAL es un enraizador dise\u00f1ado para estimular el desarrollo \u00f3ptimo de ra\u00edces absorbentes.\" \/>\n<meta property=\"og:url\" content=\"https:\/\/viverocipres.com\/catalogo\/producto\/radikal-enraizador-organico\/\" \/>\n<meta property=\"og:site_name\" content=\"Be\" \/>\n<meta property=\"article:modified_time\" content=\"2023-06-20T20:03:50+00:00\" \/>\n<meta property=\"og:image\" content=\"https:\/\/viverocipres.com\/catalogo\/wp-content\/uploads\/2023\/06\/Fotos-fertilizantes-05.jpg\" \/>\n\t<meta property=\"og:image:width\" content=\"1080\" \/>\n\t<meta property=\"og:image:height\" content=\"1080\" \/>\n\t<meta property=\"og:image:type\" content=\"image\/jpeg\" \/>\n<meta name=\"twitter:card\" content=\"summary_large_image\" \/>\n<script type=\"application\/ld+json\" class=\"yoast-schema-graph\">{\"@context\":\"https:\/\/schema.org\",\"@graph\":[{\"@type\":\"WebPage\",\"@id\":\"https:\/\/viverocipres.com\/catalogo\/producto\/radikal-enraizador-organico\/\",\"url\":\"https:\/\/viverocipres.com\/catalogo\/producto\/radikal-enraizador-organico\/\",\"name\":\"RADIKAL - Enraizador Org\u00e1nico - Be\",\"isPartOf\":{\"@id\":\"https:\/\/viverocipres.com\/catalogo\/#website\"},\"datePublished\":\"2023-06-20T19:46:39+00:00\",\"dateModified\":\"2023-06-20T20:03:50+00:00\",\"description\":\"RADIKAL es un enraizador dise\u00f1ado para estimular el desarrollo \u00f3ptimo de ra\u00edces absorbentes.\",\"breadcrumb\":{\"@id\":\"https:\/\/viverocipres.com\/catalogo\/producto\/radikal-enraizador-organico\/#breadcrumb\"},\"inLanguage\":\"es\",\"potentialAction\":[{\"@type\":\"ReadAction\",\"target\":[\"https:\/\/viverocipres.com\/catalogo\/producto\/radikal-enraizador-organico\/\"]}]},{\"@type\":\"BreadcrumbList\",\"@id\":\"https:\/\/viverocipres.com\/catalogo\/producto\/radikal-enraizador-organico\/#breadcrumb\",\"itemListElement\":[{\"@type\":\"ListItem\",\"position\":1,\"name\":\"Inicio\",\"item\":\"https:\/\/viverocipres.com\/catalogo\/\"},{\"@type\":\"ListItem\",\"position\":2,\"name\":\"Cat\u00e1logo\",\"item\":\"https:\/\/viverocipres.com\/catalogo\/productos\/\"},{\"@type\":\"ListItem\",\"position\":3,\"name\":\"RADIKAL &#8211; Enraizador Org\u00e1nico\"}]},{\"@type\":\"WebSite\",\"@id\":\"https:\/\/viverocipres.com\/catalogo\/#website\",\"url\":\"https:\/\/viverocipres.com\/catalogo\/\",\"name\":\"Be\",\"description\":\"Otro sitio realizado con WordPress\",\"potentialAction\":[{\"@type\":\"SearchAction\",\"target\":{\"@type\":\"EntryPoint\",\"urlTemplate\":\"https:\/\/viverocipres.com\/catalogo\/?s={search_term_string}\"},\"query-input\":\"required name=search_term_string\"}],\"inLanguage\":\"es\"}]}<\/script>\n<!-- \/ Yoast SEO plugin. -->","yoast_head_json":{"title":"RADIKAL - Enraizador Org\u00e1nico - Be","description":"RADIKAL es un enraizador dise\u00f1ado para estimular el desarrollo \u00f3ptimo de ra\u00edces absorbentes.","robots":{"index":"index","follow":"follow","max-snippet":"max-snippet:-1","max-image-preview":"max-image-preview:large","max-video-preview":"max-video-preview:-1"},"canonical":"https:\/\/viverocipres.com\/catalogo\/producto\/radikal-enraizador-organico\/","og_locale":"es_MX","og_type":"article","og_title":"RADIKAL - Enraizador Org\u00e1nico - Be","og_description":"RADIKAL es un enraizador dise\u00f1ado para estimular el desarrollo \u00f3ptimo de ra\u00edces absorbentes.","og_url":"https:\/\/viverocipres.com\/catalogo\/producto\/radikal-enraizador-organico\/","og_site_name":"Be","article_modified_time":"2023-06-20T20:03:50+00:00","og_image":[{"width":1080,"height":1080,"url":"https:\/\/viverocipres.com\/catalogo\/wp-content\/uploads\/2023\/06\/Fotos-fertilizantes-05.jpg","type":"image\/jpeg"}],"twitter_card":"summary_large_image","schema":{"@context":"https:\/\/schema.org","@graph":[{"@type":"WebPage","@id":"https:\/\/viverocipres.com\/catalogo\/producto\/radikal-enraizador-organico\/","url":"https:\/\/viverocipres.com\/catalogo\/producto\/radikal-enraizador-organico\/","name":"RADIKAL - Enraizador Org\u00e1nico - Be","isPartOf":{"@id":"https:\/\/viverocipres.com\/catalogo\/#website"},"datePublished":"2023-06-20T19:46:39+00:00","dateModified":"2023-06-20T20:03:50+00:00","description":"RADIKAL es un enraizador dise\u00f1ado para estimular el desarrollo \u00f3ptimo de ra\u00edces absorbentes.","breadcrumb":{"@id":"https:\/\/viverocipres.com\/catalogo\/producto\/radikal-enraizador-organico\/#breadcrumb"},"inLanguage":"es","potentialAction":[{"@type":"ReadAction","target":["https:\/\/viverocipres.com\/catalogo\/producto\/radikal-enraizador-organico\/"]}]},{"@type":"BreadcrumbList","@id":"https:\/\/viverocipres.com\/catalogo\/producto\/radikal-enraizador-organico\/#breadcrumb","itemListElement":[{"@type":"ListItem","position":1,"name":"Inicio","item":"https:\/\/viverocipres.com\/catalogo\/"},{"@type":"ListItem","position":2,"name":"Cat\u00e1logo","item":"https:\/\/viverocipres.com\/catalogo\/productos\/"},{"@type":"ListItem","position":3,"name":"RADIKAL &#8211; Enraizador Org\u00e1nico"}]},{"@type":"WebSite","@id":"https:\/\/viverocipres.com\/catalogo\/#website","url":"https:\/\/viverocipres.com\/catalogo\/","name":"Be","description":"Otro sitio realizado con WordPress","potentialAction":[{"@type":"SearchAction","target":{"@type":"EntryPoint","urlTemplate":"https:\/\/viverocipres.com\/catalogo\/?s={search_term_string}"},"query-input":"required name=search_term_string"}],"inLanguage":"es"}]}},"_links":{"self":[{"href":"http:\/\/viverocipres.com\/catalogo\/wp-json\/wp\/v3\/product\/1841","targetHints":{"allow":["GET"]}}],"collection":[{"href":"http:\/\/viverocipres.com\/catalogo\/wp-json\/wp\/v3\/product"}],"about":[{"href":"http:\/\/viverocipres.com\/catalogo\/wp-json\/wp\/v2\/types\/product"}],"version-history":[{"count":2,"href":"http:\/\/viverocipres.com\/catalogo\/wp-json\/wp\/v3\/product\/1841\/revisions"}],"predecessor-version":[{"id":1848,"href":"http:\/\/viverocipres.com\/catalogo\/wp-json\/wp\/v3\/product\/1841\/revisions\/1848"}],"wp:featuredmedia":[{"embeddable":true,"href":"http:\/\/viverocipres.com\/catalogo\/wp-json\/wp\/v2\/media\/1842"}],"wp:attachment":[{"href":"http:\/\/viverocipres.com\/catalogo\/wp-json\/wp\/v2\/media?parent=1841"}],"wp:term":[{"taxonomy":"product_cat","embeddable":true,"href":"http:\/\/viverocipres.com\/catalogo\/wp-json\/wp\/v2\/product_cat?post=1841"},{"taxonomy":"product_tag","embeddable":true,"href":"http:\/\/viverocipres.com\/catalogo\/wp-json\/wp\/v2\/product_tag?post=1841"}],"curies":[{"name":"wp","href":"https:\/\/api.w.org\/{rel}","templated":true}]}}