{"id":1529,"date":"2022-02-18T23:07:58","date_gmt":"2022-02-18T23:07:58","guid":{"rendered":"http:\/\/viverocipres.com\/catalogo\/producto\/croto-chocolate\/"},"modified":"2023-05-11T20:01:02","modified_gmt":"2023-05-11T20:01:02","slug":"croto-chocolate","status":"publish","type":"product","link":"http:\/\/viverocipres.com\/catalogo\/producto\/croto-chocolate\/","title":{"rendered":"Croto chocolate"},"content":{"rendered":"","protected":false},"excerpt":{"rendered":"<p>Le gusta mucho estar en lugares bien iluminados pero nunca bajo los rayos directos del sol. Se caracteriza por las hojas de su color, son de un gran tama\u00f1os y resistentes en color caf\u00e9, necesitan humedad y un clima h\u00famedo.<\/p>\n<p>6 pulgadas &#8211; $95<\/p>\n","protected":false},"featured_media":699,"template":"","meta":{"_joinchat":[]},"product_cat":[67],"product_tag":[],"class_list":["post-1529","product","type-product","status-publish","has-post-thumbnail","hentry","product_cat-interior","pa_tamano-6-pulg"],"yoast_head":"<!-- This site is optimized with the Yoast SEO plugin v20.6 - https:\/\/yoast.com\/wordpress\/plugins\/seo\/ -->\n<title>Croto chocolate - Be<\/title>\n<meta name=\"robots\" content=\"index, follow, max-snippet:-1, max-image-preview:large, max-video-preview:-1\" \/>\n<link rel=\"canonical\" href=\"http:\/\/viverocipres.com\/catalogo\/producto\/croto-chocolate\/\" \/>\n<meta property=\"og:locale\" content=\"es_MX\" \/>\n<meta property=\"og:type\" content=\"article\" \/>\n<meta property=\"og:title\" content=\"Croto chocolate - Be\" \/>\n<meta property=\"og:description\" content=\"Le gusta mucho estar en lugares bien iluminados pero nunca bajo los rayos directos del sol. Se caracteriza por las hojas de su color, son de un gran tama\u00f1os y resistentes en color caf\u00e9, necesitan humedad y un clima h\u00famedo.  6 pulgadas - $95\" \/>\n<meta property=\"og:url\" content=\"http:\/\/viverocipres.com\/catalogo\/producto\/croto-chocolate\/\" \/>\n<meta property=\"og:site_name\" content=\"Be\" \/>\n<meta property=\"article:modified_time\" content=\"2023-05-11T20:01:02+00:00\" \/>\n<meta property=\"og:image\" content=\"http:\/\/viverocipres.com\/catalogo\/wp-content\/uploads\/2022\/02\/Croto_chocolate.jpg\" \/>\n\t<meta property=\"og:image:width\" content=\"800\" \/>\n\t<meta property=\"og:image:height\" content=\"1202\" \/>\n\t<meta property=\"og:image:type\" content=\"image\/jpeg\" \/>\n<meta name=\"twitter:card\" content=\"summary_large_image\" \/>\n<script type=\"application\/ld+json\" class=\"yoast-schema-graph\">{\"@context\":\"https:\/\/schema.org\",\"@graph\":[{\"@type\":\"WebPage\",\"@id\":\"http:\/\/viverocipres.com\/catalogo\/producto\/croto-chocolate\/\",\"url\":\"http:\/\/viverocipres.com\/catalogo\/producto\/croto-chocolate\/\",\"name\":\"Croto chocolate - Be\",\"isPartOf\":{\"@id\":\"https:\/\/viverocipres.com\/catalogo\/#website\"},\"datePublished\":\"2022-02-18T23:07:58+00:00\",\"dateModified\":\"2023-05-11T20:01:02+00:00\",\"breadcrumb\":{\"@id\":\"http:\/\/viverocipres.com\/catalogo\/producto\/croto-chocolate\/#breadcrumb\"},\"inLanguage\":\"es\",\"potentialAction\":[{\"@type\":\"ReadAction\",\"target\":[\"http:\/\/viverocipres.com\/catalogo\/producto\/croto-chocolate\/\"]}]},{\"@type\":\"BreadcrumbList\",\"@id\":\"http:\/\/viverocipres.com\/catalogo\/producto\/croto-chocolate\/#breadcrumb\",\"itemListElement\":[{\"@type\":\"ListItem\",\"position\":1,\"name\":\"Inicio\",\"item\":\"https:\/\/viverocipres.com\/catalogo\/\"},{\"@type\":\"ListItem\",\"position\":2,\"name\":\"Cat\u00e1logo\",\"item\":\"https:\/\/viverocipres.com\/catalogo\/productos\/\"},{\"@type\":\"ListItem\",\"position\":3,\"name\":\"Croto chocolate\"}]},{\"@type\":\"WebSite\",\"@id\":\"https:\/\/viverocipres.com\/catalogo\/#website\",\"url\":\"https:\/\/viverocipres.com\/catalogo\/\",\"name\":\"Be\",\"description\":\"Otro sitio realizado con WordPress\",\"potentialAction\":[{\"@type\":\"SearchAction\",\"target\":{\"@type\":\"EntryPoint\",\"urlTemplate\":\"https:\/\/viverocipres.com\/catalogo\/?s={search_term_string}\"},\"query-input\":\"required name=search_term_string\"}],\"inLanguage\":\"es\"}]}<\/script>\n<!-- \/ Yoast SEO plugin. -->","yoast_head_json":{"title":"Croto chocolate - Be","robots":{"index":"index","follow":"follow","max-snippet":"max-snippet:-1","max-image-preview":"max-image-preview:large","max-video-preview":"max-video-preview:-1"},"canonical":"http:\/\/viverocipres.com\/catalogo\/producto\/croto-chocolate\/","og_locale":"es_MX","og_type":"article","og_title":"Croto chocolate - Be","og_description":"Le gusta mucho estar en lugares bien iluminados pero nunca bajo los rayos directos del sol. Se caracteriza por las hojas de su color, son de un gran tama\u00f1os y resistentes en color caf\u00e9, necesitan humedad y un clima h\u00famedo.  6 pulgadas - $95","og_url":"http:\/\/viverocipres.com\/catalogo\/producto\/croto-chocolate\/","og_site_name":"Be","article_modified_time":"2023-05-11T20:01:02+00:00","og_image":[{"width":800,"height":1202,"url":"http:\/\/viverocipres.com\/catalogo\/wp-content\/uploads\/2022\/02\/Croto_chocolate.jpg","type":"image\/jpeg"}],"twitter_card":"summary_large_image","schema":{"@context":"https:\/\/schema.org","@graph":[{"@type":"WebPage","@id":"http:\/\/viverocipres.com\/catalogo\/producto\/croto-chocolate\/","url":"http:\/\/viverocipres.com\/catalogo\/producto\/croto-chocolate\/","name":"Croto chocolate - Be","isPartOf":{"@id":"https:\/\/viverocipres.com\/catalogo\/#website"},"datePublished":"2022-02-18T23:07:58+00:00","dateModified":"2023-05-11T20:01:02+00:00","breadcrumb":{"@id":"http:\/\/viverocipres.com\/catalogo\/producto\/croto-chocolate\/#breadcrumb"},"inLanguage":"es","potentialAction":[{"@type":"ReadAction","target":["http:\/\/viverocipres.com\/catalogo\/producto\/croto-chocolate\/"]}]},{"@type":"BreadcrumbList","@id":"http:\/\/viverocipres.com\/catalogo\/producto\/croto-chocolate\/#breadcrumb","itemListElement":[{"@type":"ListItem","position":1,"name":"Inicio","item":"https:\/\/viverocipres.com\/catalogo\/"},{"@type":"ListItem","position":2,"name":"Cat\u00e1logo","item":"https:\/\/viverocipres.com\/catalogo\/productos\/"},{"@type":"ListItem","position":3,"name":"Croto chocolate"}]},{"@type":"WebSite","@id":"https:\/\/viverocipres.com\/catalogo\/#website","url":"https:\/\/viverocipres.com\/catalogo\/","name":"Be","description":"Otro sitio realizado con WordPress","potentialAction":[{"@type":"SearchAction","target":{"@type":"EntryPoint","urlTemplate":"https:\/\/viverocipres.com\/catalogo\/?s={search_term_string}"},"query-input":"required name=search_term_string"}],"inLanguage":"es"}]}},"_links":{"self":[{"href":"http:\/\/viverocipres.com\/catalogo\/wp-json\/wp\/v3\/product\/1529","targetHints":{"allow":["GET"]}}],"collection":[{"href":"http:\/\/viverocipres.com\/catalogo\/wp-json\/wp\/v3\/product"}],"about":[{"href":"http:\/\/viverocipres.com\/catalogo\/wp-json\/wp\/v2\/types\/product"}],"version-history":[{"count":3,"href":"http:\/\/viverocipres.com\/catalogo\/wp-json\/wp\/v3\/product\/1529\/revisions"}],"predecessor-version":[{"id":1814,"href":"http:\/\/viverocipres.com\/catalogo\/wp-json\/wp\/v3\/product\/1529\/revisions\/1814"}],"wp:featuredmedia":[{"embeddable":true,"href":"http:\/\/viverocipres.com\/catalogo\/wp-json\/wp\/v2\/media\/699"}],"wp:attachment":[{"href":"http:\/\/viverocipres.com\/catalogo\/wp-json\/wp\/v2\/media?parent=1529"}],"wp:term":[{"taxonomy":"product_cat","embeddable":true,"href":"http:\/\/viverocipres.com\/catalogo\/wp-json\/wp\/v2\/product_cat?post=1529"},{"taxonomy":"product_tag","embeddable":true,"href":"http:\/\/viverocipres.com\/catalogo\/wp-json\/wp\/v2\/product_tag?post=1529"}],"curies":[{"name":"wp","href":"https:\/\/api.w.org\/{rel}","templated":true}]}}